{"id":77119,"date":"2021-11-17T23:25:22","date_gmt":"2021-11-17T23:25:22","guid":{"rendered":"https:\/\/www.isalp.is\/?page_id=77119"},"modified":"2026-01-05T17:21:41","modified_gmt":"2026-01-05T17:21:41","slug":"stjorn-og-nefndir","status":"publish","type":"page","link":"https:\/\/www.isalp.is\/en\/about\/stjorn-og-nefndir","title":{"rendered":"Board and committees"},"content":{"rendered":"<p><\/p>\n<h2>Board &amp; committees<\/h2>\n<h3>Stj\u00f3rn \u00cdSALP 2021-2022<\/h3>\n<p>J\u00f3nas G. Sigur\u00f0sson \u2013\u00a0<em>President<\/em><br \/>\nSif P\u00e9tursd\u00f3ttir \u2013\u00a0<em>Vice president &amp;\u00a0<\/em><i>secretary<\/i><br \/>\nSigur\u00f0ur Ragnarsson \u2013\u00a0<em>Treasurer<\/em><br \/>\nBaldur \u00de\u00f3r Dav\u00ed\u00f0sson<br \/>\nEl\u00edsabet Atlad\u00f3ttir<br \/>\nMagn\u00fas \u00d3lafur Magn\u00fasson<br \/>\nMatteo Meucci<\/p>\n<h3>Ski mountaineering committee<\/h3>\n<p><em>Stj\u00f3rn \u00f3skar eftir frambo\u00f0um \u00ed fjallask\u00ed\u00f0anefnd<\/em><\/p>\n<h3>\u00cdSALP representative in SAM\u00daT<\/h3>\n<p><em>Stj\u00f3rn \u00f3skar eftir fulltr\u00faa \u00ed SAM\u00daT<\/em><\/p>\n<h3>Indoor event committee (BANFF, other screenings &amp; lectures)<\/h3>\n<p>El\u00edsabet Atlad\u00f3ttir<\/p>\n<h3>Writing committee<\/h3>\n<p>Sigur\u00f0ur \u00ddmir Richter \u2013\u00a0<em>Ritstj\u00f3ri<\/em><br \/>\nGu\u00f0mundur J\u00f3nsson (Gummi St\u00f3ri) <em>\u2013 Lj\u00f3smyndakeppni<\/em><br \/>\nJ\u00f3nas G. Sigur\u00f0sson &#8211; <em>Pr\u00f3farkalestur og ann\u00e1ll<\/em><\/p>\n<h3>Hut committee for Bratti<\/h3>\n<p>Sveinn Fri\u00f0rik Eydal \u2013\u00a0<em>Forma\u00f0ur nefndar<\/em><br \/>\nFreyr Ingi Bj\u00f6rnsson<br \/>\nBaldur \u00de\u00f3r Dav\u00ed\u00f0sson \u2013\u00a0<em>Tengili\u00f0ur stj\u00f3rnar<\/em><\/p>\n<h3>Hut committee for Tindfjallask\u00e1li<\/h3>\n<p>H\u00e1lfd\u00e1n \u00c1g\u00fastsson<br \/>\nKristj\u00e1n Gu\u00f0ni Bjarnason<br \/>\nSveinn Fri\u00f0rik Eydal<\/p>\n<h3>Fun committe<\/h3>\n<p><em>Stj\u00f3rn \u00f3skar eftir frambo\u00f0um \u00ed Skemmtinefnd<\/em><\/p>\n<h3>Setup committee<\/h3>\n<p>R\u00fana Thoroddsen \u2013\u00a0<em>Forma\u00f0ur nefndar<\/em><br \/>\nFreyr Ingi Bj\u00f6rnsson<br \/>\nSveinn Fri\u00f0rik Eydal<\/p>\n<h3>Web committee<\/h3>\n<p>J\u00f3nas G. Sigur\u00f0sson<br \/>\nMagn\u00fas \u00d3lafur Magn\u00fasson<\/p>\n<p>&nbsp;<\/p>","protected":false},"excerpt":{"rendered":"<p>Board &amp; committees Stj\u00f3rn \u00cdSALP 2021-2022 J\u00f3nas G. Sigur\u00f0sson \u2013\u00a0President Sif P\u00e9tursd\u00f3ttir \u2013\u00a0Vice president &amp;\u00a0secretary Sigur\u00f0ur Ragnarsson \u2013\u00a0Treasurer Baldur \u00de\u00f3r Dav\u00ed\u00f0sson El\u00edsabet Atlad\u00f3ttir Magn\u00fas \u00d3lafur Magn\u00fasson Matteo Meucci Ski mountaineering committee Stj\u00f3rn \u00f3skar eftir frambo\u00f0um \u00ed fjallask\u00ed\u00f0anefnd \u00cdSALP representative in SAM\u00daT Stj\u00f3rn \u00f3skar eftir fulltr\u00faa \u00ed SAM\u00daT Indoor event committee (BANFF, other screenings &amp; lectures) [&hellip;]<\/p>\n","protected":false},"author":2,"featured_media":0,"parent":236,"menu_order":0,"comment_status":"closed","ping_status":"closed","template":"","meta":{"_bbp_topic_count":0,"_bbp_reply_count":0,"_bbp_total_topic_count":0,"_bbp_total_reply_count":0,"_bbp_voice_count":0,"_bbp_anonymous_reply_count":0,"_bbp_topic_count_hidden":0,"_bbp_reply_count_hidden":0,"_bbp_forum_subforum_count":0},"acf":[],"_links":{"self":[{"href":"https:\/\/www.isalp.is\/en\/wp-json\/wp\/v2\/pages\/77119"}],"collection":[{"href":"https:\/\/www.isalp.is\/en\/wp-json\/wp\/v2\/pages"}],"about":[{"href":"https:\/\/www.isalp.is\/en\/wp-json\/wp\/v2\/types\/page"}],"author":[{"embeddable":true,"href":"https:\/\/www.isalp.is\/en\/wp-json\/wp\/v2\/users\/2"}],"replies":[{"embeddable":true,"href":"https:\/\/www.isalp.is\/en\/wp-json\/wp\/v2\/comments?post=77119"}],"version-history":[{"count":12,"href":"https:\/\/www.isalp.is\/en\/wp-json\/wp\/v2\/pages\/77119\/revisions"}],"predecessor-version":[{"id":100358,"href":"https:\/\/www.isalp.is\/en\/wp-json\/wp\/v2\/pages\/77119\/revisions\/100358"}],"up":[{"embeddable":true,"href":"https:\/\/www.isalp.is\/en\/wp-json\/wp\/v2\/pages\/236"}],"wp:attachment":[{"href":"https:\/\/www.isalp.is\/en\/wp-json\/wp\/v2\/media?parent=77119"}],"curies":[{"name":"wp","href":"https:\/\/api.w.org\/{rel}","templated":true}]}}