{"id":59626,"date":"2016-01-14T16:04:16","date_gmt":"2016-01-14T16:04:16","guid":{"rendered":"https:\/\/www.isalp.is\/?page_id=59626"},"modified":"2017-03-29T04:45:14","modified_gmt":"2017-03-29T04:45:14","slug":"graejuhornid","status":"publish","type":"page","link":"https:\/\/www.isalp.is\/en\/graejuhornid","title":{"rendered":"Gearlab"},"content":{"rendered":"<p><img loading=\"lazy\" class=\"aligncenter wp-image-59645 size-full\" src=\"https:\/\/www.isalp.is\/wp-content\/uploads\/2016\/01\/Graejuhorn-breitt.jpg\" alt=\"\" width=\"1600\" height=\"365\" srcset=\"https:\/\/www.isalp.is\/wp-content\/uploads\/2016\/01\/Graejuhorn-breitt.jpg 1600w, https:\/\/www.isalp.is\/wp-content\/uploads\/2016\/01\/Graejuhorn-breitt-600x137.jpg 600w, https:\/\/www.isalp.is\/wp-content\/uploads\/2016\/01\/Graejuhorn-breitt-768x175.jpg 768w, https:\/\/www.isalp.is\/wp-content\/uploads\/2016\/01\/Graejuhorn-breitt-1400x319.jpg 1400w\" sizes=\"(max-width: 1600px) 100vw, 1600px\" \/><\/p>\n<p>Gr\u00e6juhorni\u00f0 e\u00f0a T\u00e6kjahorni\u00f0 er gamall li\u00f0ur sem birtist \u00ed \u00e1rsritum \u00cdsalp \u00ed lok s\u00ed\u00f0ustu aldar. \u00dear sem vi\u00f0 erum stigin inn \u00ed 21. \u00f6ldina \u00fe\u00e1 h\u00f6fum vi\u00f0 \u00e1kve\u00f0i\u00f0 a\u00f0 f\u00e6ra \u00feennan li\u00f0 yfir \u00e1 stafr\u00e6nt form, gefa \u00fat oftar og \u00fear me\u00f0 endurvekja hann. H\u00e9r a\u00f0 ne\u00f0an m\u00e1 sj\u00e1 \u00fatgefin Gr\u00e6juhorn og ne\u00f0ar m\u00e1 sj\u00e1 forvera \u00feeirra, T\u00e6kjahorni\u00f0.<br \/>\nGr\u00e6juhornin taka \u00fdmist fyrir eina gr\u00e6ju og gera g\u00f3\u00f0a \u00fattekt \u00e1 henni e\u00f0a gera samanbur\u00f0 \u00e1 svipu\u00f0um v\u00f6rum fr\u00e1 mismunandi framlei\u00f0endum. Gr\u00e6jurnar eru anna\u00f0hvort n\u00fdjar og ekki mikil reynsla komin \u00e1 \u00fe\u00e6r e\u00f0a s\u00e9rkennilegar n\u00fdjungar. Gr\u00e6jurnar \u00feurfa a\u00f0 hafa eitthva\u00f0 n\u00fdtt e\u00f0a spennandi fram a\u00f0 f\u00e6ra.<br \/>\nN\u00fdjasta gr\u00e6jan \u00ed Gr\u00e6juhorninu ver\u00f0ur \u00e1valt \u00e1 s\u00e9rkj\u00f6rum fyrir f\u00e9lagsmenn \u00ed heilan m\u00e1nu\u00f0 fr\u00e1 birtingu greinar.<\/p>\n<p><a href=\"https:\/\/www.isalp.is\/wp-content\/uploads\/2016\/01\/Graeja-1-1.pdf\" rel=\"\">1. Gr\u00e6ja, jan\u00faar 2016<\/a>\u00a0-Tikka RXP<\/p>\n<p><a href=\"https:\/\/www.isalp.is\/wp-content\/uploads\/2016\/01\/Graeja-2.pdf\" target=\"_blank\">2. Gr\u00e6ja, mars 2017<\/a> &#8211; Salewa Quick Screw<\/p>\n<p style=\"text-align: center;\"><strong>T\u00e6kjahorni\u00f0<\/strong><\/p>\n<p style=\"text-align: left;\">T\u00e6kjahornin eru g\u00f6mul en g\u00f3\u00f0!\u00a0Lang flest sem stendur \u00ed \u00feeim er enn \u00ed gildi \u00ed dag. Muni\u00f0 samt vi\u00f0 lestur \u00e1 T\u00e6kjahornum a\u00f0 \u00fea\u00f0 getur veri\u00f0 a\u00f0 eitt og anna\u00f0 hafi breyst \u00ed aldana r\u00e1s, svo ekki taka \u00f6llu sem \u00fear stendur sem heil\u00f6gum sannleik!<\/p>\n<p style=\"text-align: left;\"><a href=\"https:\/\/www.isalp.is\/wp-content\/uploads\/2016\/01\/taekjahorn1986.pdf\" target=\"_blank\" rel=\"\">T\u00e6kjahorni\u00f0 1986<\/a>\u00a0-\u00cdstryggingar<\/p>\n<p style=\"text-align: left;\"><a href=\"https:\/\/www.isalp.is\/wp-content\/uploads\/2016\/01\/taekjahorn1988.pdf\" target=\"_blank\" rel=\"\">T\u00e6kjahorni\u00f0 1988<\/a>\u00a0-Klifursk\u00f3r<\/p>\n<p style=\"text-align: left;\"><a href=\"https:\/\/www.isalp.is\/wp-content\/uploads\/2016\/01\/taekjahorn1989.pdf\" target=\"_blank\" rel=\"\">T\u00e6kjahorni\u00f0 1989<\/a>\u00a0-Klifurl\u00ednur<\/p>\n<p style=\"text-align: left;\"><a href=\"https:\/\/www.isalp.is\/wp-content\/uploads\/2016\/01\/taekjahorn1990.pdf\" target=\"_blank\" rel=\"\">T\u00e6kjahorni\u00f0 1990<\/a>\u00a0-Klifur\u00fej\u00e1lfun<\/p>\n<p style=\"text-align: left;\"><a href=\"https:\/\/www.isalp.is\/wp-content\/uploads\/2016\/01\/taekjahorn1991.pdf\" target=\"_blank\" rel=\"\">T\u00e6kjahorni\u00f0 1991<\/a>\u00a0-Vinir<\/p>\n<p style=\"text-align: left;\"><a href=\"https:\/\/www.isalp.is\/wp-content\/uploads\/2016\/01\/taekjahorn1992.pdf\" target=\"_blank\" rel=\"\">T\u00e6kjahorni\u00f0 1992<\/a>\u00a0-\u00cdsklifur, fyrri hluti<\/p>\n<p style=\"text-align: left;\"><a href=\"https:\/\/www.isalp.is\/wp-content\/uploads\/2016\/01\/taekjahorn1993.pdf\" target=\"_blank\" rel=\"\">T\u00e6kjahorni\u00f0 1993<\/a>\u00a0-\u00cdsklifur, seinni hluti<\/p>\n<p><\/p>","protected":false},"excerpt":{"rendered":"<p>Gr\u00e6juhorni\u00f0 e\u00f0a T\u00e6kjahorni\u00f0 er gamall li\u00f0ur sem birtist \u00ed \u00e1rsritum \u00cdsalp \u00ed lok s\u00ed\u00f0ustu aldar. \u00dear sem vi\u00f0 erum stigin inn \u00ed 21. \u00f6ldina \u00fe\u00e1 h\u00f6fum vi\u00f0 \u00e1kve\u00f0i\u00f0 a\u00f0 f\u00e6ra \u00feennan li\u00f0 yfir \u00e1 stafr\u00e6nt form, gefa \u00fat oftar og \u00fear me\u00f0 endurvekja hann. H\u00e9r a\u00f0 ne\u00f0an m\u00e1 sj\u00e1 \u00fatgefin Gr\u00e6juhorn og ne\u00f0ar m\u00e1 sj\u00e1 [&hellip;]<\/p>\n","protected":false},"author":2,"featured_media":0,"parent":0,"menu_order":0,"comment_status":"closed","ping_status":"closed","template":"","meta":{"_bbp_topic_count":0,"_bbp_reply_count":0,"_bbp_total_topic_count":0,"_bbp_total_reply_count":0,"_bbp_voice_count":0,"_bbp_anonymous_reply_count":0,"_bbp_topic_count_hidden":0,"_bbp_reply_count_hidden":0,"_bbp_forum_subforum_count":0},"acf":[],"_links":{"self":[{"href":"https:\/\/www.isalp.is\/en\/wp-json\/wp\/v2\/pages\/59626"}],"collection":[{"href":"https:\/\/www.isalp.is\/en\/wp-json\/wp\/v2\/pages"}],"about":[{"href":"https:\/\/www.isalp.is\/en\/wp-json\/wp\/v2\/types\/page"}],"author":[{"embeddable":true,"href":"https:\/\/www.isalp.is\/en\/wp-json\/wp\/v2\/users\/2"}],"replies":[{"embeddable":true,"href":"https:\/\/www.isalp.is\/en\/wp-json\/wp\/v2\/comments?post=59626"}],"version-history":[{"count":17,"href":"https:\/\/www.isalp.is\/en\/wp-json\/wp\/v2\/pages\/59626\/revisions"}],"predecessor-version":[{"id":62917,"href":"https:\/\/www.isalp.is\/en\/wp-json\/wp\/v2\/pages\/59626\/revisions\/62917"}],"wp:attachment":[{"href":"https:\/\/www.isalp.is\/en\/wp-json\/wp\/v2\/media?parent=59626"}],"curies":[{"name":"wp","href":"https:\/\/api.w.org\/{rel}","templated":true}]}}